{"id":19854,"date":"2024-07-19T08:57:59","date_gmt":"2024-07-19T08:57:59","guid":{"rendered":"https:\/\/czechcircus.cz\/clenove-asociace"},"modified":"2025-10-09T09:45:12","modified_gmt":"2025-10-09T09:45:12","slug":"members-ccca","status":"publish","type":"page","link":"https:\/\/czechcircus.cz\/en\/members-ccca","title":{"rendered":"Members of CCCA"},"content":{"rendered":"<h2>Who are members of the CCCA?<\/h2>\n<p><strong>Organisations:<\/strong> AirGym Art Company, ART Prometheus, BudeCirkus, Cirk La Putyka, Cirkus Mlejn, BoCirk (Cirkus trochu jinak), CIRQUEON, FysioART, Holektiv, Jatka78, KD Mlejn, Losers Cirque Company a Divadlo BRAVO!, Mezin\u00e1rodn\u00ed festival nov\u00e9ho cirkusu a divadla Letn\u00ed Letn\u00e1, MOVE Ostrava, Tich\u00e1 malina, UFFO Trutnov a festival Cirk-UFF, Vim kolektiv, \u017dongl\u00e9ros Ans\u00e1mbl<\/p>\n<p><strong>Individual members:<\/strong> Dagmar Bedn\u00e1rikov\u00e1, Petra Hanzl\u00edkov\u00e1, Ond\u0159ej Holba, Veronika Jo\u0161kov\u00e1 \u0160tefanov\u00e1, Michal Mudr\u00e1k, Michaela Star\u00e1, Hana Strej\u010dkov\u00e1, Anna \u0160mat, Lenka \u0160vol\u00edkov\u00e1<\/p>\n<h2>How can I become a member?<\/h2>\n<p>Email the CCCA cordinator, Anna \u0160mat (Vondr\u00e1\u010dkov\u00e1) (<a href=\"mailto:anna@czechcircus.cz\">anna@czechcircus.cz<\/a>).<\/p>\n","protected":false},"excerpt":{"rendered":"<p>Who are members of the CCCA? Organisations: AirGym Art Company, ART Prometheus, BudeCirkus, Cirk La Putyka, Cirkus Mlejn, BoCirk (Cirkus trochu jinak), CIRQUEON, FysioART, Holektiv, Jatka78, KD Mlejn, Losers Cirque Company a Divadlo BRAVO!, Mezin\u00e1rodn\u00ed festival nov\u00e9ho cirkusu a divadla Letn\u00ed Letn\u00e1, MOVE Ostrava, Tich\u00e1 malina, UFFO Trutnov a festival Cirk-UFF, Vim kolektiv, \u017dongl\u00e9ros Ans\u00e1mbl [&hellip;]<\/p>\n","protected":false},"author":6,"featured_media":0,"parent":0,"menu_order":15,"comment_status":"closed","ping_status":"closed","template":"","meta":{"_acf_changed":false,"footnotes":""},"class_list":["post-19854","page","type-page","status-publish","hentry"],"acf":[],"yoast_head":"<!-- This site is optimized with the Yoast SEO plugin v27.0 - https:\/\/yoast.com\/product\/yoast-seo-wordpress\/ -->\n<title>Members of CCCA - Asociace nov\u00e9ho cirkusu<\/title>\n<meta name=\"robots\" content=\"index, follow, max-snippet:-1, max-image-preview:large, max-video-preview:-1\" \/>\n<link rel=\"canonical\" href=\"https:\/\/czechcircus.cz\/en\/members-ccca\" \/>\n<meta property=\"og:locale\" content=\"en_US\" \/>\n<meta property=\"og:type\" content=\"article\" \/>\n<meta property=\"og:title\" content=\"Members of CCCA - Asociace nov\u00e9ho cirkusu\" \/>\n<meta property=\"og:description\" content=\"Who are members of the CCCA? Organisations: AirGym Art Company, ART Prometheus, BudeCirkus, Cirk La Putyka, Cirkus Mlejn, BoCirk (Cirkus trochu jinak), CIRQUEON, FysioART, Holektiv, Jatka78, KD Mlejn, Losers Cirque Company a Divadlo BRAVO!, Mezin\u00e1rodn\u00ed festival nov\u00e9ho cirkusu a divadla Letn\u00ed Letn\u00e1, MOVE Ostrava, Tich\u00e1 malina, UFFO Trutnov a festival Cirk-UFF, Vim kolektiv, \u017dongl\u00e9ros Ans\u00e1mbl [&hellip;]\" \/>\n<meta property=\"og:url\" content=\"https:\/\/czechcircus.cz\/en\/members-ccca\" \/>\n<meta property=\"og:site_name\" content=\"Asociace nov\u00e9ho cirkusu\" \/>\n<meta property=\"article:modified_time\" content=\"2025-10-09T09:45:12+00:00\" \/>\n<meta name=\"twitter:card\" content=\"summary_large_image\" \/>\n<meta name=\"twitter:label1\" content=\"Est. reading time\" \/>\n\t<meta name=\"twitter:data1\" content=\"1 minute\" \/>\n<script type=\"application\/ld+json\" class=\"yoast-schema-graph\">{\"@context\":\"https:\/\/schema.org\",\"@graph\":[{\"@type\":\"WebPage\",\"@id\":\"https:\/\/czechcircus.cz\/en\/members-ccca\",\"url\":\"https:\/\/czechcircus.cz\/en\/members-ccca\",\"name\":\"Members of CCCA - Asociace nov\u00e9ho cirkusu\",\"isPartOf\":{\"@id\":\"https:\/\/czechcircus.cz\/#website\"},\"datePublished\":\"2024-07-19T08:57:59+00:00\",\"dateModified\":\"2025-10-09T09:45:12+00:00\",\"breadcrumb\":{\"@id\":\"https:\/\/czechcircus.cz\/en\/members-ccca#breadcrumb\"},\"inLanguage\":\"en-US\",\"potentialAction\":[{\"@type\":\"ReadAction\",\"target\":[\"https:\/\/czechcircus.cz\/en\/members-ccca\"]}]},{\"@type\":\"BreadcrumbList\",\"@id\":\"https:\/\/czechcircus.cz\/en\/members-ccca#breadcrumb\",\"itemListElement\":[{\"@type\":\"ListItem\",\"position\":1,\"name\":\"Home\",\"item\":\"https:\/\/czechcircus.cz\/en\"},{\"@type\":\"ListItem\",\"position\":2,\"name\":\"Members of CCCA\"}]},{\"@type\":\"WebSite\",\"@id\":\"https:\/\/czechcircus.cz\/#website\",\"url\":\"https:\/\/czechcircus.cz\/\",\"name\":\"Asociace nov\u00e9ho cirkusu\",\"description\":\"\",\"potentialAction\":[{\"@type\":\"SearchAction\",\"target\":{\"@type\":\"EntryPoint\",\"urlTemplate\":\"https:\/\/czechcircus.cz\/?s={search_term_string}\"},\"query-input\":{\"@type\":\"PropertyValueSpecification\",\"valueRequired\":true,\"valueName\":\"search_term_string\"}}],\"inLanguage\":\"en-US\"}]}<\/script>\n<!-- \/ Yoast SEO plugin. -->","yoast_head_json":{"title":"Members of CCCA - Asociace nov\u00e9ho cirkusu","robots":{"index":"index","follow":"follow","max-snippet":"max-snippet:-1","max-image-preview":"max-image-preview:large","max-video-preview":"max-video-preview:-1"},"canonical":"https:\/\/czechcircus.cz\/en\/members-ccca","og_locale":"en_US","og_type":"article","og_title":"Members of CCCA - Asociace nov\u00e9ho cirkusu","og_description":"Who are members of the CCCA? Organisations: AirGym Art Company, ART Prometheus, BudeCirkus, Cirk La Putyka, Cirkus Mlejn, BoCirk (Cirkus trochu jinak), CIRQUEON, FysioART, Holektiv, Jatka78, KD Mlejn, Losers Cirque Company a Divadlo BRAVO!, Mezin\u00e1rodn\u00ed festival nov\u00e9ho cirkusu a divadla Letn\u00ed Letn\u00e1, MOVE Ostrava, Tich\u00e1 malina, UFFO Trutnov a festival Cirk-UFF, Vim kolektiv, \u017dongl\u00e9ros Ans\u00e1mbl [&hellip;]","og_url":"https:\/\/czechcircus.cz\/en\/members-ccca","og_site_name":"Asociace nov\u00e9ho cirkusu","article_modified_time":"2025-10-09T09:45:12+00:00","twitter_card":"summary_large_image","twitter_misc":{"Est. reading time":"1 minute"},"schema":{"@context":"https:\/\/schema.org","@graph":[{"@type":"WebPage","@id":"https:\/\/czechcircus.cz\/en\/members-ccca","url":"https:\/\/czechcircus.cz\/en\/members-ccca","name":"Members of CCCA - Asociace nov\u00e9ho cirkusu","isPartOf":{"@id":"https:\/\/czechcircus.cz\/#website"},"datePublished":"2024-07-19T08:57:59+00:00","dateModified":"2025-10-09T09:45:12+00:00","breadcrumb":{"@id":"https:\/\/czechcircus.cz\/en\/members-ccca#breadcrumb"},"inLanguage":"en-US","potentialAction":[{"@type":"ReadAction","target":["https:\/\/czechcircus.cz\/en\/members-ccca"]}]},{"@type":"BreadcrumbList","@id":"https:\/\/czechcircus.cz\/en\/members-ccca#breadcrumb","itemListElement":[{"@type":"ListItem","position":1,"name":"Home","item":"https:\/\/czechcircus.cz\/en"},{"@type":"ListItem","position":2,"name":"Members of CCCA"}]},{"@type":"WebSite","@id":"https:\/\/czechcircus.cz\/#website","url":"https:\/\/czechcircus.cz\/","name":"Asociace nov\u00e9ho cirkusu","description":"","potentialAction":[{"@type":"SearchAction","target":{"@type":"EntryPoint","urlTemplate":"https:\/\/czechcircus.cz\/?s={search_term_string}"},"query-input":{"@type":"PropertyValueSpecification","valueRequired":true,"valueName":"search_term_string"}}],"inLanguage":"en-US"}]}},"_links":{"self":[{"href":"https:\/\/czechcircus.cz\/en\/wp-json\/wp\/v2\/pages\/19854","targetHints":{"allow":["GET"]}}],"collection":[{"href":"https:\/\/czechcircus.cz\/en\/wp-json\/wp\/v2\/pages"}],"about":[{"href":"https:\/\/czechcircus.cz\/en\/wp-json\/wp\/v2\/types\/page"}],"author":[{"embeddable":true,"href":"https:\/\/czechcircus.cz\/en\/wp-json\/wp\/v2\/users\/6"}],"replies":[{"embeddable":true,"href":"https:\/\/czechcircus.cz\/en\/wp-json\/wp\/v2\/comments?post=19854"}],"version-history":[{"count":4,"href":"https:\/\/czechcircus.cz\/en\/wp-json\/wp\/v2\/pages\/19854\/revisions"}],"predecessor-version":[{"id":21282,"href":"https:\/\/czechcircus.cz\/en\/wp-json\/wp\/v2\/pages\/19854\/revisions\/21282"}],"wp:attachment":[{"href":"https:\/\/czechcircus.cz\/en\/wp-json\/wp\/v2\/media?parent=19854"}],"curies":[{"name":"wp","href":"https:\/\/api.w.org\/{rel}","templated":true}]}}